{"id":713,"date":"2026-01-18T11:40:25","date_gmt":"2026-01-18T11:40:25","guid":{"rendered":"https:\/\/r2d.pl\/?post_type=product&#038;p=713"},"modified":"2026-01-18T11:40:25","modified_gmt":"2026-01-18T11:40:25","slug":"bloody-wheels-5l","status":"publish","type":"product","link":"https:\/\/r2d.pl\/uk\/product\/bloody-wheels-5l\/","title":{"rendered":"BLOODY WHEELS 5L"},"content":{"rendered":"<p>Bloody Wheels \u2014 \u0435\u0444\u0435\u043a\u0442\u0438\u0432\u043d\u0438\u0439 \u0437\u0430\u0441\u0456\u0431 \u0434\u043b\u044f \u043c\u0438\u0442\u0442\u044f \u0430\u0432\u0442\u043e\u043c\u043e\u0431\u0456\u043b\u044c\u043d\u0438\u0445 \u043a\u043e\u043b\u0456\u0441 \u0437 \u0443\u043d\u0456\u043a\u0430\u043b\u044c\u043d\u0438\u043c \u0447\u0435\u0440\u0432\u043e\u043d\u0438\u043c \u043a\u043e\u043b\u044c\u043e\u0440\u043e\u043c. \u0421\u043f\u0435\u0446\u0456\u0430\u043b\u044c\u043d\u0430 \u0444\u043e\u0440\u043c\u0443\u043b\u0430 \u0433\u043b\u0438\u0431\u043e\u043a\u043e \u043f\u0440\u043e\u043d\u0438\u043a\u0430\u0454 \u0443 \u0431\u0440\u0443\u0434 \u0442\u0430 \u0437\u0430\u0431\u0440\u0443\u0434\u043d\u0435\u043d\u043d\u044f, \u043b\u0435\u0433\u043a\u043e \u0440\u043e\u0437\u0447\u0438\u043d\u044f\u044e\u0447\u0438 \u0433\u0430\u043b\u044c\u043c\u0456\u0432\u043d\u0438\u0439 \u043f\u0438\u043b \u0442\u0430 \u0434\u043e\u0440\u043e\u0436\u043d\u0456 \u0432\u0456\u0434\u043a\u043b\u0430\u0434\u0435\u043d\u043d\u044f. \u041f\u0456\u0441\u043b\u044f \u043d\u0430\u043d\u0435\u0441\u0435\u043d\u043d\u044f \u0437\u0430\u0441\u0456\u0431 \u0430\u043a\u0442\u0438\u0432\u0443\u0454\u0442\u044c\u0441\u044f, \u0437\u043c\u0456\u043d\u044e\u044e\u0447\u0438 \u0432\u0456\u0434\u0442\u0456\u043d\u043e\u043a \u043d\u0430 \u0441\u0432\u0456\u0442\u043b\u0456\u0448\u0438\u0439, \u0449\u043e \u0441\u0432\u0456\u0434\u0447\u0438\u0442\u044c \u043f\u0440\u043e \u043c\u0430\u043a\u0441\u0438\u043c\u0430\u043b\u044c\u043d\u0443 \u0435\u0444\u0435\u043a\u0442\u0438\u0432\u043d\u0456\u0441\u0442\u044c. \u0411\u0435\u0437\u043f\u0435\u0447\u043d\u0438\u0439 \u0434\u043b\u044f \u0432\u0441\u0456\u0445 \u0442\u0438\u043f\u0456\u0432 \u0434\u0438\u0441\u043a\u0456\u0432, Bloody Wheels \u0434\u043e\u043f\u043e\u043c\u043e\u0436\u0435 \u0432\u0430\u0448\u0438\u043c \u043a\u043e\u043b\u0435\u0441\u0430\u043c \u0437\u043d\u043e\u0432\u0443 \u0441\u044f\u044f\u0442\u0438, \u044f\u043a \u043d\u043e\u0432\u0456!<\/p>\n<p>\u041c\u0415\u0422\u041e\u0414 \u0412\u0418\u041a\u041e\u0420\u0418\u0421\u0422\u0410\u041d\u041d\u042f<\/p>\n<p>\u041a\u043e\u043b\u0435\u0441\u0430- \u041d\u0430\u043d\u043e\u0441\u0438\u0442\u0438 \u043d\u0430 \u0441\u0443\u0445\u0435 \u043a\u043e\u043b\u0435\u0441\u043e, \u0434\u043e\u0447\u0435\u043a\u0430\u0442\u0438\u0441\u044c \u043f\u0435\u0440\u0435\u0437\u043e\u0434\u0443 \u043d\u0430 \u0447\u0435\u0440\u0432\u043e\u043d\u0438\u0439 \u043a\u043e\u043b\u0456\u0440 (30\u0441\u0435\u043a- \u0445\u0432\u0438\u043b\u0438\u043d\u0430), \u043f\u0456\u0441\u043b\u044f \u0447\u043e\u0433\u043e \u0440\u0435\u0442\u0435\u043b\u044c\u043d\u043e \u0437\u043c\u0438\u0442\u0438 \u043f\u0456\u0434 \u0441\u0442\u0440\u0443\u043c\u043e\u043c \u0432\u043e\u0434\u0438.<br \/>\n\u041a\u0443\u0437\u043e\u0432- \u041d\u0430\u043d\u0435\u0441\u0442\u0438 \u043d\u0430 \u0441\u0443\u0445\u0443 \u043f\u043e\u0432\u0435\u0440\u0445\u043d\u044e, \u0434\u043e\u0447\u0435\u043a\u0430\u0442\u0438\u0441\u044c \u0437\u0430\u043a\u0456\u043d\u0447\u0435\u043d\u043d\u044f \u0440\u043e\u0431\u043e\u0442\u0438 \u043f\u0440\u0435\u043f\u0430\u0440\u0430\u0442\u0443 (2-3\u0445\u0432) \u0442\u0430 \u0437\u043c\u0438\u0442\u0438 \u043f\u0456\u0434 \u0441\u0442\u0440\u0443\u043c\u0435\u043d\u0435\u043c \u0432\u043e\u0434\u0438.<\/p>","protected":false},"excerpt":{"rendered":"<p>Bloody Wheels \u2013 skuteczny \u015brodek do mycia k\u00f3\u0142 samochodowych o unikalnym czerwonym kolorze. Specjalna formu\u0142a g\u0142\u0119boko wnika w brud i zanieczyszczenia, \u0142atwo rozpuszczaj\u0105c py\u0142 hamulcowy i zabrudzenia drogowe. Po na\u0142o\u017ceniu \u015brodek aktywuje si\u0119, zmieniaj\u0105c odcie\u0144 na ja\u015bniejszy, co wskazuje na maksymaln\u0105 efektywno\u015b\u0107. Bezpieczny dla wszystkich typ\u00f3w felg, Bloody Wheels sprawi, \u017ce twoje ko\u0142a zn\u00f3w b\u0119d\u0105 &#8230; <a title=\"BLOODY WHEELS 5L\" class=\"read-more\" href=\"https:\/\/r2d.pl\/uk\/product\/bloody-wheels-5l\/\" aria-label=\"\u0414\u043e\u043a\u043b\u0430\u0434\u043d\u0456\u0448\u0435 \u043f\u0440\u043e BLOODY WHEELS 5L\">\u0427\u0438\u0442\u0430\u0442\u0438 \u0434\u0430\u043b\u0456<\/a><\/p>","protected":false},"featured_media":695,"comment_status":"closed","ping_status":"closed","template":"","meta":[],"product_brand":[],"product_cat":[20,19],"product_tag":[],"class_list":{"0":"post-713","1":"product","2":"type-product","3":"status-publish","4":"has-post-thumbnail","6":"product_cat-mycie","7":"product_cat-wszystkie-produkty","9":"first","10":"instock","11":"shipping-taxable","12":"purchasable","13":"product-type-simple"},"_links":{"self":[{"href":"https:\/\/r2d.pl\/uk\/wp-json\/wp\/v2\/product\/713","targetHints":{"allow":["GET"]}}],"collection":[{"href":"https:\/\/r2d.pl\/uk\/wp-json\/wp\/v2\/product"}],"about":[{"href":"https:\/\/r2d.pl\/uk\/wp-json\/wp\/v2\/types\/product"}],"replies":[{"embeddable":true,"href":"https:\/\/r2d.pl\/uk\/wp-json\/wp\/v2\/comments?post=713"}],"wp:featuredmedia":[{"embeddable":true,"href":"https:\/\/r2d.pl\/uk\/wp-json\/wp\/v2\/media\/695"}],"wp:attachment":[{"href":"https:\/\/r2d.pl\/uk\/wp-json\/wp\/v2\/media?parent=713"}],"wp:term":[{"taxonomy":"product_brand","embeddable":true,"href":"https:\/\/r2d.pl\/uk\/wp-json\/wp\/v2\/product_brand?post=713"},{"taxonomy":"product_cat","embeddable":true,"href":"https:\/\/r2d.pl\/uk\/wp-json\/wp\/v2\/product_cat?post=713"},{"taxonomy":"product_tag","embeddable":true,"href":"https:\/\/r2d.pl\/uk\/wp-json\/wp\/v2\/product_tag?post=713"}],"curies":[{"name":"wp","href":"https:\/\/api.w.org\/{rel}","templated":true}]}}