{"id":113,"date":"2024-09-19T13:18:42","date_gmt":"2024-09-19T13:18:42","guid":{"rendered":"https:\/\/r2d.pl\/?post_type=product&#038;p=113"},"modified":"2026-01-19T14:34:08","modified_gmt":"2026-01-19T14:34:08","slug":"final-touch","status":"publish","type":"product","link":"https:\/\/r2d.pl\/uk\/product\/final-touch\/","title":{"rendered":"FINAL TOUCH"},"content":{"rendered":"<p>Final Touch \u2014 \u0446\u0435 \u0441\u043f\u0435\u0446\u0456\u0430\u043b\u0456\u0437\u043e\u0432\u0430\u043d\u0438\u0439 \u0437\u0430\u0441\u0456\u0431, \u0441\u0442\u0432\u043e\u0440\u0435\u043d\u0438\u0439 \u0434\u043b\u044f \u0432\u0438\u0434\u0430\u043b\u0435\u043d\u043d\u044f \u0441\u043c\u0443\u0433 \u0456 \u0432\u043e\u0434\u044f\u043d\u0438\u0445 \u043f\u043b\u044f\u043c \u043f\u0456\u0441\u043b\u044f \u043c\u0438\u0442\u0442\u044f \u0430\u0432\u0442\u043e\u043c\u043e\u0431\u0456\u043b\u044f. \u0419\u043e\u0433\u043e \u0456\u043d\u043d\u043e\u0432\u0430\u0446\u0456\u0439\u043d\u0430 \u0444\u043e\u0440\u043c\u0443\u043b\u0430 \u0435\u0444\u0435\u043a\u0442\u0438\u0432\u043d\u043e \u0443\u0441\u0443\u0432\u0430\u0454 \u0437\u0430\u043b\u0438\u0448\u043a\u0438 \u0432\u043e\u0434\u0438, \u0437\u0430\u043b\u0438\u0448\u0430\u044e\u0447\u0438 \u043f\u043e\u0432\u0435\u0440\u0445\u043d\u044e \u0456\u0434\u0435\u0430\u043b\u044c\u043d\u043e \u0433\u043b\u0430\u0434\u043a\u043e\u044e \u0442\u0430 \u0431\u043b\u0438\u0441\u043a\u0443\u0447\u043e\u044e. Final Touch \u043d\u0435 \u0442\u0456\u043b\u044c\u043a\u0438 \u0432\u0438\u0434\u0430\u043b\u044f\u0454 \u0437\u0430\u0431\u0440\u0443\u0434\u043d\u0435\u043d\u043d\u044f, \u0430\u043b\u0435 \u0439 \u0441\u0442\u0432\u043e\u0440\u044e\u0454 \u0437\u0430\u0445\u0438\u0441\u043d\u0438\u0439 \u0448\u0430\u0440, \u044f\u043a\u0438\u0439 \u0437\u0430\u043f\u043e\u0431\u0456\u0433\u0430\u0454 \u043e\u0441\u0456\u0434\u0430\u043d\u043d\u044e \u0431\u0440\u0443\u0434\u0443 \u0442\u0430 \u0432\u043e\u0434\u0438 \u0432 \u043c\u0430\u0439\u0431\u0443\u0442\u043d\u044c\u043e\u043c\u0443, \u0449\u043e \u0437\u043d\u0430\u0447\u043d\u043e \u043f\u043e\u043b\u0435\u0433\u0448\u0443\u0454 \u0434\u043e\u0433\u043b\u044f\u0434 \u0437\u0430 \u0430\u0432\u0442\u043e\u043c\u043e\u0431\u0456\u043b\u0435\u043c. \u041f\u0440\u043e\u0434\u0443\u043a\u0442 \u0431\u0435\u0437\u043f\u0435\u0447\u043d\u0438\u0439 \u0434\u043b\u044f \u0432\u0441\u0456\u0445 \u0442\u0438\u043f\u0456\u0432 \u0444\u0430\u0440\u0431 \u0442\u0430 \u043f\u043e\u043a\u0440\u0438\u0442\u0442\u0456\u0432, \u0449\u043e \u0440\u043e\u0431\u0438\u0442\u044c \u0439\u043e\u0433\u043e \u0456\u0434\u0435\u0430\u043b\u044c\u043d\u0438\u043c \u0440\u0456\u0448\u0435\u043d\u043d\u044f\u043c \u0434\u043b\u044f \u0449\u043e\u0434\u0435\u043d\u043d\u043e\u0433\u043e \u0432\u0438\u043a\u043e\u0440\u0438\u0441\u0442\u0430\u043d\u043d\u044f. \u0417\u0430\u0432\u0434\u044f\u043a\u0438 \u043f\u0440\u043e\u0441\u0442\u043e\u043c\u0443 \u043d\u0430\u043d\u0435\u0441\u0435\u043d\u043d\u044e \u0442\u0430 \u0448\u0432\u0438\u0434\u043a\u0456\u0439 \u0434\u0456\u0457, Final Touch \u0440\u043e\u0431\u0438\u0442\u044c \u0437\u0430\u0432\u0435\u0440\u0448\u0430\u043b\u044c\u043d\u0438\u0439 \u0435\u0442\u0430\u043f \u0447\u0438\u0449\u0435\u043d\u043d\u044f \u0430\u0432\u0442\u043e\u043c\u043e\u0431\u0456\u043b\u044f \u043f\u0456\u0441\u043b\u044f \u043c\u0438\u0442\u0442\u044f \u0448\u0432\u0438\u0434\u043a\u0438\u043c \u0456 \u043f\u0440\u0438\u0454\u043c\u043d\u0438\u043c. \u0420\u0435\u0433\u0443\u043b\u044f\u0440\u043d\u0435 \u0432\u0438\u043a\u043e\u0440\u0438\u0441\u0442\u0430\u043d\u043d\u044f \u0437\u0430\u0441\u043e\u0431\u0443 \u0437\u0430\u0431\u0435\u0437\u043f\u0435\u0447\u0443\u0454 \u043d\u0435 \u0442\u0456\u043b\u044c\u043a\u0438 \u0432\u0456\u0434\u043c\u0456\u043d\u043d\u0438\u0439 \u0432\u0438\u0433\u043b\u044f\u0434 \u0430\u0432\u0442\u043e\u043c\u043e\u0431\u0456\u043b\u044f, \u0430\u043b\u0435 \u0439 \u0442\u0440\u0438\u0432\u0430\u043b\u0443 \u0437\u0430\u0445\u0438\u0441\u0442 \u0439\u043e\u0433\u043e \u043f\u043e\u0432\u0435\u0440\u0445\u043d\u0456, \u0449\u043e \u043f\u0456\u0434\u0432\u0438\u0449\u0443\u0454 \u043a\u043e\u043c\u0444\u043e\u0440\u0442 \u0457\u0437\u0434\u0438 \u0442\u0430 \u0435\u0441\u0442\u0435\u0442\u0438\u043a\u0443 \u0442\u0440\u0430\u043d\u0441\u043f\u043e\u0440\u0442\u043d\u043e\u0433\u043e \u0437\u0430\u0441\u043e\u0431\u0443!<\/p>\n<p>\u041c\u0415\u0422\u041e\u0414 \u0412\u0418\u041a\u041e\u0420\u0418\u0421\u0422\u0410\u041d\u041d\u042f<\/p>\n<p>\u041d\u0430\u043d\u0435\u0441\u0442\u0438 \u043d\u0430 \u043f\u043e\u0432\u0435\u0440\u0445\u043d\u044e (\u043f\u0456\u0434\u0445\u043e\u0434\u0438\u0442\u044c \u0434\u043b\u044f \u0441\u043a\u043b\u044f\u043d\u0438\u0445 \u043f\u043e\u0432\u0435\u0440\u0445\u043e\u043d\u044c \u0456 \u043b\u043a\u043f), \u0434\u0430\u0442\u0438 \u043f\u0440\u0435\u043f\u0430\u0440\u0430\u0442\u0443 2-3\u0445\u0432 \u043d\u0430 \u0440\u0435\u0430\u043a\u0446\u0456\u044e, \u043f\u0456\u0441\u043b\u044f \u0447\u043e\u0433\u043e \u0432\u0438\u0442\u0435\u0440\u0442\u0438 \u043c\u0456\u043a\u0440\u043e\u0444\u0456\u0431\u0440\u043e\u044e. \u0412 \u0440\u0430\u0437\u0456 \u043f\u043e\u0442\u0440\u0435\u0431\u0438 \u043f\u043e\u0432\u0442\u043e\u0440\u0438\u0442\u0438 \u043f\u0440\u043e\u0446\u0435\u0441 \u0449\u0435 \u0440\u0430\u0437.<\/p>","protected":false},"excerpt":{"rendered":"<p>Final Touch \u2013 specjalistyczny preparat stworzony do usuwania smug i plam wodnych po myciu samochodu. Jego innowacyjna formu\u0142a skutecznie eliminuje resztki wody, pozostawiaj\u0105c powierzchni\u0119 idealnie g\u0142adk\u0105 i l\u015bni\u0105c\u0105. Final Touch nie tylko usuwa zanieczyszczenia, ale tak\u017ce tworzy warstw\u0119 ochronn\u0105, kt\u00f3ra zapobiega osadzaniu si\u0119 brudu i wody w przysz\u0142o\u015bci, co znacz\u0105co u\u0142atwia piel\u0119gnacj\u0119 pojazdu. Produkt jest &#8230; <a title=\"FINAL TOUCH\" class=\"read-more\" href=\"https:\/\/r2d.pl\/uk\/product\/final-touch\/\" aria-label=\"\u0414\u043e\u043a\u043b\u0430\u0434\u043d\u0456\u0448\u0435 \u043f\u0440\u043e FINAL TOUCH\">\u0427\u0438\u0442\u0430\u0442\u0438 \u0434\u0430\u043b\u0456<\/a><\/p>","protected":false},"featured_media":727,"comment_status":"open","ping_status":"closed","template":"","meta":[],"product_brand":[],"product_cat":[20,19],"product_tag":[],"class_list":{"0":"post-113","1":"product","2":"type-product","3":"status-publish","4":"has-post-thumbnail","6":"product_cat-mycie","7":"product_cat-wszystkie-produkty","9":"first","10":"instock","11":"shipping-taxable","12":"purchasable","13":"product-type-simple"},"_links":{"self":[{"href":"https:\/\/r2d.pl\/uk\/wp-json\/wp\/v2\/product\/113","targetHints":{"allow":["GET"]}}],"collection":[{"href":"https:\/\/r2d.pl\/uk\/wp-json\/wp\/v2\/product"}],"about":[{"href":"https:\/\/r2d.pl\/uk\/wp-json\/wp\/v2\/types\/product"}],"replies":[{"embeddable":true,"href":"https:\/\/r2d.pl\/uk\/wp-json\/wp\/v2\/comments?post=113"}],"wp:featuredmedia":[{"embeddable":true,"href":"https:\/\/r2d.pl\/uk\/wp-json\/wp\/v2\/media\/727"}],"wp:attachment":[{"href":"https:\/\/r2d.pl\/uk\/wp-json\/wp\/v2\/media?parent=113"}],"wp:term":[{"taxonomy":"product_brand","embeddable":true,"href":"https:\/\/r2d.pl\/uk\/wp-json\/wp\/v2\/product_brand?post=113"},{"taxonomy":"product_cat","embeddable":true,"href":"https:\/\/r2d.pl\/uk\/wp-json\/wp\/v2\/product_cat?post=113"},{"taxonomy":"product_tag","embeddable":true,"href":"https:\/\/r2d.pl\/uk\/wp-json\/wp\/v2\/product_tag?post=113"}],"curies":[{"name":"wp","href":"https:\/\/api.w.org\/{rel}","templated":true}]}}