{"id":35,"date":"2024-08-26T08:22:12","date_gmt":"2024-08-26T08:22:12","guid":{"rendered":"https:\/\/r2d.pl\/moje-konto\/"},"modified":"2024-10-21T11:34:41","modified_gmt":"2024-10-21T11:34:41","slug":"moje-konto","status":"publish","type":"page","link":"https:\/\/r2d.pl\/uk\/moje-konto\/","title":{"rendered":"\u041c\u0456\u0439 \u0430\u043a\u0430\u0443\u043d\u0442"},"content":{"rendered":"<div data-elementor-type=\"wp-page\" data-elementor-id=\"35\" class=\"elementor elementor-35\" data-elementor-post-type=\"page\">\n\t\t\t\t<div class=\"elementor-element elementor-element-2ddc3ba e-flex e-con-boxed e-con e-child\" data-id=\"2ddc3ba\" data-element_type=\"container\" data-e-type=\"container\" data-settings=\"{&quot;background_background&quot;:&quot;classic&quot;}\">\n\t\t\t\t\t<div class=\"e-con-inner\">\n\t\t\t\t<div class=\"elementor-element elementor-element-a516ca1 elementor-widget elementor-widget-woocommerce-breadcrumb\" data-id=\"a516ca1\" data-element_type=\"widget\" data-e-type=\"widget\" data-widget_type=\"woocommerce-breadcrumb.default\">\n\t\t\t\t<div class=\"elementor-widget-container\">\n\t\t\t\t\t<nav class=\"woocommerce-breadcrumb\" aria-label=\"Breadcrumb\" data-no-translation=\"\" data-trp-gettext=\"\">\u0413\u043e\u043b\u043e\u0432\u043d\u0430<\/nav>\t\t\t\t<\/div>\n\t\t\t\t<\/div>\n\t\t\t\t<div class=\"elementor-element elementor-element-ee05792 elementor-widget__width-inherit e-my-account-tabs-vertical elementor-widget elementor-widget-woocommerce-my-account\" data-id=\"ee05792\" data-element_type=\"widget\" data-e-type=\"widget\" data-widget_type=\"woocommerce-my-account.default\">\n\t\t\t\t<div class=\"elementor-widget-container\">\n\t\t\t\t\t<div class=\"e-my-account-tab e-my-account-tab__\">\t\t\t<div class=\"woocommerce\"><\/div>\t\t<\/div>\n\t\t\t\t\t\t<\/div>\n\t\t\t\t<\/div>\n\t\t\t\t\t<\/div>\n\t\t\t\t<\/div>\n\t\t\t\t<\/div>","protected":false},"excerpt":{"rendered":"<p>Panel \u015awi\u0119cenia Pliki do pobrania Adresy Szczeg\u00f3\u0142y konta Wyloguj si\u0119 Hello r2dmemb (not r2dmemb? Log out) From your account dashboard you can view your recent orders, manage your shipping and billing addresses, and edit your password and account details.<\/p>","protected":false},"author":1,"featured_media":0,"parent":0,"menu_order":0,"comment_status":"closed","ping_status":"closed","template":"","meta":{"footnotes":""},"class_list":["post-35","page","type-page","status-publish"],"_links":{"self":[{"href":"https:\/\/r2d.pl\/uk\/wp-json\/wp\/v2\/pages\/35","targetHints":{"allow":["GET"]}}],"collection":[{"href":"https:\/\/r2d.pl\/uk\/wp-json\/wp\/v2\/pages"}],"about":[{"href":"https:\/\/r2d.pl\/uk\/wp-json\/wp\/v2\/types\/page"}],"author":[{"embeddable":true,"href":"https:\/\/r2d.pl\/uk\/wp-json\/wp\/v2\/users\/1"}],"replies":[{"embeddable":true,"href":"https:\/\/r2d.pl\/uk\/wp-json\/wp\/v2\/comments?post=35"}],"version-history":[{"count":25,"href":"https:\/\/r2d.pl\/uk\/wp-json\/wp\/v2\/pages\/35\/revisions"}],"predecessor-version":[{"id":574,"href":"https:\/\/r2d.pl\/uk\/wp-json\/wp\/v2\/pages\/35\/revisions\/574"}],"wp:attachment":[{"href":"https:\/\/r2d.pl\/uk\/wp-json\/wp\/v2\/media?parent=35"}],"curies":[{"name":"wp","href":"https:\/\/api.w.org\/{rel}","templated":true}]}}