{"id":16,"date":"2024-08-26T08:15:40","date_gmt":"2024-08-26T08:15:40","guid":{"rendered":"https:\/\/r2d.pl\/?page_id=16"},"modified":"2024-10-21T11:37:35","modified_gmt":"2024-10-21T11:37:35","slug":"dom","status":"publish","type":"page","link":"https:\/\/r2d.pl\/uk\/","title":{"rendered":"\u0413\u043e\u043b\u043e\u0432\u043d\u0430"},"content":{"rendered":"<div data-elementor-type=\"wp-page\" data-elementor-id=\"16\" class=\"elementor elementor-16\" data-elementor-post-type=\"page\">\n\t\t\t\t<div class=\"elementor-element elementor-element-9b90371 e-flex e-con-boxed e-con e-parent\" data-id=\"9b90371\" data-element_type=\"container\" data-e-type=\"container\" data-settings=\"{&quot;background_background&quot;:&quot;classic&quot;}\">\n\t\t\t\t\t<div class=\"e-con-inner\">\n\t\t<div class=\"elementor-element elementor-element-7d0fb60 e-con-full elementor-hidden-mobile e-flex e-con e-child\" data-id=\"7d0fb60\" data-element_type=\"container\" data-e-type=\"container\">\n\t\t\t\t<\/div>\n\t\t<div class=\"elementor-element elementor-element-b6eb754 e-con-full e-flex e-con e-child\" data-id=\"b6eb754\" data-element_type=\"container\" data-e-type=\"container\">\n\t\t\t\t<div class=\"elementor-element elementor-element-93a36cc elementor-widget elementor-widget-heading\" data-id=\"93a36cc\" data-element_type=\"widget\" data-e-type=\"widget\" data-widget_type=\"heading.default\">\n\t\t\t\t<div class=\"elementor-widget-container\">\n\t\t\t\t\t<h2 class=\"elementor-heading-title elementor-size-default\">\u041d\u0430\u0439\u043a\u0440\u0430\u0449\u0435 \u0434\u043b\u044f<br> \u0412\u0430\u0448\u043e\u0433\u043e \u0430\u0432\u0442\u043e\u043c\u043e\u0431\u0456\u043b\u044f<\/h2>\t\t\t\t<\/div>\n\t\t\t\t<\/div>\n\t\t\t\t<\/div>\n\t\t\t\t\t<\/div>\n\t\t\t\t<\/div>\n\t\t<div class=\"elementor-element elementor-element-91dfc07 e-flex e-con-boxed e-con e-parent\" data-id=\"91dfc07\" data-element_type=\"container\" data-e-type=\"container\" data-settings=\"{&quot;background_background&quot;:&quot;classic&quot;}\">\n\t\t\t\t\t<div class=\"e-con-inner\">\n\t\t<div class=\"elementor-element elementor-element-a2f5caf e-con-full e-flex e-con e-child\" data-id=\"a2f5caf\" data-element_type=\"container\" data-e-type=\"container\">\n\t\t\t\t<div class=\"elementor-element elementor-element-791b832 elementor-widget elementor-widget-image\" data-id=\"791b832\" data-element_type=\"widget\" data-e-type=\"widget\" data-widget_type=\"image.default\">\n\t\t\t\t<div class=\"elementor-widget-container\">\n\t\t\t\t\t\t\t\t\t\t\t\t\t\t\t<img fetchpriority=\"high\" decoding=\"async\" width=\"1321\" height=\"1246\" src=\"https:\/\/r2d.pl\/wp-content\/uploads\/2024\/09\/bottle3-3.png\" class=\"attachment-1536x1536 size-1536x1536 wp-image-91\" alt=\"\" srcset=\"https:\/\/r2d.pl\/wp-content\/uploads\/2024\/09\/bottle3-3.png 1321w, https:\/\/r2d.pl\/wp-content\/uploads\/2024\/09\/bottle3-3-600x566.png 600w, https:\/\/r2d.pl\/wp-content\/uploads\/2024\/09\/bottle3-3-300x283.png 300w, https:\/\/r2d.pl\/wp-content\/uploads\/2024\/09\/bottle3-3-1024x966.png 1024w, https:\/\/r2d.pl\/wp-content\/uploads\/2024\/09\/bottle3-3-768x724.png 768w\" sizes=\"(max-width: 1321px) 100vw, 1321px\" \/>\t\t\t\t\t\t\t\t\t\t\t\t\t\t\t<\/div>\n\t\t\t\t<\/div>\n\t\t\t\t<\/div>\n\t\t<div class=\"elementor-element elementor-element-f78c461 e-con-full e-flex e-con e-child\" data-id=\"f78c461\" data-element_type=\"container\" data-e-type=\"container\">\n\t\t\t\t<div class=\"elementor-element elementor-element-bee0d41 elementor-widget__width-initial elementor-widget elementor-widget-text-editor\" data-id=\"bee0d41\" data-element_type=\"widget\" data-e-type=\"widget\" data-widget_type=\"text-editor.default\">\n\t\t\t\t<div class=\"elementor-widget-container\">\n\t\t\t\t\t\t\t\t\t\u041c\u0438 \u043f\u0440\u043e\u043f\u043e\u043d\u0443\u0454\u043c\u043e \u0448\u0438\u0440\u043e\u043a\u0438\u0439 \u0430\u0441\u043e\u0440\u0442\u0438\u043c\u0435\u043d\u0442 \u0442\u043e\u0432\u0430\u0440\u0456\u0432, \u044f\u043a\u0456 \u0434\u043e\u043f\u043e\u043c\u043e\u0436\u0443\u0442\u044c \u0443\u0442\u0440\u0438\u043c\u0443\u0432\u0430\u0442\u0438 \u0432\u0430\u0448 \u0430\u0432\u0442\u043e\u043c\u043e\u0431\u0456\u043b\u044c \u0443 \u0432\u0456\u0434\u043c\u0456\u043d\u043d\u043e\u043c\u0443 \u0441\u0442\u0430\u043d\u0456.\t\t\t\t\t\t\t\t<\/div>\n\t\t\t\t<\/div>\n\t\t\t\t<div class=\"elementor-element elementor-element-2b45fa6 elementor-mobile-align-justify elementor-widget elementor-widget-button\" data-id=\"2b45fa6\" data-element_type=\"widget\" data-e-type=\"widget\" data-widget_type=\"button.default\">\n\t\t\t\t<div class=\"elementor-widget-container\">\n\t\t\t\t\t\t\t\t\t<div class=\"elementor-button-wrapper\">\n\t\t\t\t\t<a class=\"elementor-button elementor-button-link elementor-size-sm elementor-animation-hang\" href=\"\/uk\/product-category\/wszystkie-produkty\/\">\n\t\t\t\t\t\t<span class=\"elementor-button-content-wrapper\">\n\t\t\t\t\t\t<span class=\"elementor-button-icon\">\n\t\t\t\t<svg aria-hidden=\"true\" class=\"e-font-icon-svg e-fas-arrow-right\" viewbox=\"0 0 448 512\" xmlns=\"http:\/\/www.w3.org\/2000\/svg\"><path d=\"M190.5 66.9l22.2-22.2c9.4-9.4 24.6-9.4 33.9 0L441 239c9.4 9.4 9.4 24.6 0 33.9L246.6 467.3c-9.4 9.4-24.6 9.4-33.9 0l-22.2-22.2c-9.5-9.5-9.3-25 .4-34.3L311.4 296H24c-13.3 0-24-10.7-24-24v-32c0-13.3 10.7-24 24-24h287.4L190.9 101.2c-9.8-9.3-10-24.8-.4-34.3z\"><\/path><\/svg>\t\t\t<\/span>\n\t\t\t\t\t\t\t\t\t<span class=\"elementor-button-text\">\u041f\u0435\u0440\u0435\u0433\u043b\u044f\u043d\u0443\u0442\u0438 \u0432\u0441\u0456 \u043f\u0440\u043e\u0434\u0443\u043a\u0442\u0438<\/span>\n\t\t\t\t\t<\/span>\n\t\t\t\t\t<\/a>\n\t\t\t\t<\/div>\n\t\t\t\t\t\t\t\t<\/div>\n\t\t\t\t<\/div>\n\t\t\t\t<div class=\"elementor-element elementor-element-5413403 elementor-widget elementor-widget-menu-anchor\" data-id=\"5413403\" data-element_type=\"widget\" data-e-type=\"widget\" data-widget_type=\"menu-anchor.default\">\n\t\t\t\t<div class=\"elementor-widget-container\">\n\t\t\t\t\t\t\t<div class=\"elementor-menu-anchor\" id=\"produkty\"><\/div>\n\t\t\t\t\t\t<\/div>\n\t\t\t\t<\/div>\n\t\t\t\t<\/div>\n\t\t\t\t\t<\/div>\n\t\t\t\t<\/div>\n\t\t<div class=\"elementor-element elementor-element-01d5426 e-flex e-con-boxed e-con e-parent\" data-id=\"01d5426\" data-element_type=\"container\" data-e-type=\"container\" data-settings=\"{&quot;background_background&quot;:&quot;classic&quot;}\">\n\t\t\t\t\t<div class=\"e-con-inner\">\n\t\t\t\t<div class=\"elementor-element elementor-element-a8d6bb0 elementor-widget elementor-widget-heading\" data-id=\"a8d6bb0\" data-element_type=\"widget\" data-e-type=\"widget\" data-widget_type=\"heading.default\">\n\t\t\t\t<div class=\"elementor-widget-container\">\n\t\t\t\t\t<h2 class=\"elementor-heading-title elementor-size-default\">\u041a\u0430\u0442\u0435\u0433\u043e\u0440\u0456\u0457 \u043f\u0440\u043e\u0434\u0443\u043a\u0442\u0456\u0432<\/h2>\t\t\t\t<\/div>\n\t\t\t\t<\/div>\n\t\t\t\t\t<\/div>\n\t\t\t\t<\/div>\n\t\t<div class=\"elementor-element elementor-element-3f5ef39 e-grid e-con-boxed e-con e-parent\" data-id=\"3f5ef39\" data-element_type=\"container\" data-e-type=\"container\" data-settings=\"{&quot;background_background&quot;:&quot;classic&quot;}\">\n\t\t\t\t\t<div class=\"e-con-inner\">\n\t\t\t\t<div class=\"elementor-element elementor-element-11e6b8c elementor-cta--valign-bottom elementor-cta--skin-cover elementor-animated-content elementor-bg-transform elementor-bg-transform-zoom-in elementor-widget elementor-widget-call-to-action\" data-id=\"11e6b8c\" data-element_type=\"widget\" data-e-type=\"widget\" data-widget_type=\"call-to-action.default\">\n\t\t\t\t<div class=\"elementor-widget-container\">\n\t\t\t\t\t\t\t<a class=\"elementor-cta\" href=\"\/uk\/product-category\/wszystkie-produkty\/\">\n\t\t\t\t\t<div class=\"elementor-cta__bg-wrapper\">\n\t\t\t\t<div class=\"elementor-cta__bg elementor-bg\" style=\"background-image: url(https:\/\/r2d.pl\/wp-content\/uploads\/2024\/09\/close-up-car-care-process-3-1024x683.jpg);\" role=\"img\" aria-label=\"close-up-car-care-process-3\"><\/div>\n\t\t\t\t<div class=\"elementor-cta__bg-overlay\"><\/div>\n\t\t\t<\/div>\n\t\t\t\t\t\t\t<div class=\"elementor-cta__content\">\n\t\t\t\t\n\t\t\t\t\t\t\t\t\t<h2 class=\"elementor-cta__title elementor-cta__content-item elementor-content-item elementor-animated-item--grow\">\n\t\t\t\t\t\t\u0423\u0441\u0456 \u043f\u0440\u043e\u0434\u0443\u043a\u0442\u0438\t\t\t\t\t<\/h2>\n\t\t\t\t\n\t\t\t\t\n\t\t\t\t\t\t\t<\/div>\n\t\t\t\t\t\t<\/a>\n\t\t\t\t\t\t<\/div>\n\t\t\t\t<\/div>\n\t\t\t\t<div class=\"elementor-element elementor-element-f00af30 elementor-cta--valign-bottom elementor-cta--skin-cover elementor-animated-content elementor-bg-transform elementor-bg-transform-zoom-in elementor-widget elementor-widget-call-to-action\" data-id=\"f00af30\" data-element_type=\"widget\" data-e-type=\"widget\" data-widget_type=\"call-to-action.default\">\n\t\t\t\t<div class=\"elementor-widget-container\">\n\t\t\t\t\t\t\t<a class=\"elementor-cta\" href=\"\/uk\/product-category\/mycie\/\">\n\t\t\t\t\t<div class=\"elementor-cta__bg-wrapper\">\n\t\t\t\t<div class=\"elementor-cta__bg elementor-bg\" style=\"background-image: url(https:\/\/r2d.pl\/wp-content\/uploads\/2024\/09\/2-3-1024x576.jpg);\" role=\"img\" aria-label=\"2-3\"><\/div>\n\t\t\t\t<div class=\"elementor-cta__bg-overlay\"><\/div>\n\t\t\t<\/div>\n\t\t\t\t\t\t\t<div class=\"elementor-cta__content\">\n\t\t\t\t\n\t\t\t\t\t\t\t\t\t<h2 class=\"elementor-cta__title elementor-cta__content-item elementor-content-item elementor-animated-item--grow\">\n\t\t\t\t\t\t\u041c\u0438\u0442\u0442\u044f\t\t\t\t\t<\/h2>\n\t\t\t\t\n\t\t\t\t\n\t\t\t\t\t\t\t<\/div>\n\t\t\t\t\t\t<\/a>\n\t\t\t\t\t\t<\/div>\n\t\t\t\t<\/div>\n\t\t\t\t<div class=\"elementor-element elementor-element-f468b2b elementor-cta--valign-bottom elementor-cta--skin-cover elementor-animated-content elementor-bg-transform elementor-bg-transform-zoom-in elementor-widget elementor-widget-call-to-action\" data-id=\"f468b2b\" data-element_type=\"widget\" data-e-type=\"widget\" data-widget_type=\"call-to-action.default\">\n\t\t\t\t<div class=\"elementor-widget-container\">\n\t\t\t\t\t\t\t<a class=\"elementor-cta\" href=\"\/uk\/product-category\/pielegnacja\/\">\n\t\t\t\t\t<div class=\"elementor-cta__bg-wrapper\">\n\t\t\t\t<div class=\"elementor-cta__bg elementor-bg\" style=\"background-image: url(https:\/\/r2d.pl\/wp-content\/uploads\/2024\/09\/3-3-1024x576.jpg);\" role=\"img\" aria-label=\"3-3\"><\/div>\n\t\t\t\t<div class=\"elementor-cta__bg-overlay\"><\/div>\n\t\t\t<\/div>\n\t\t\t\t\t\t\t<div class=\"elementor-cta__content\">\n\t\t\t\t\n\t\t\t\t\t\t\t\t\t<h2 class=\"elementor-cta__title elementor-cta__content-item elementor-content-item elementor-animated-item--grow\">\n\t\t\t\t\t\t\u0414\u043e\u0433\u043b\u044f\u0434\t\t\t\t\t<\/h2>\n\t\t\t\t\n\t\t\t\t\n\t\t\t\t\t\t\t<\/div>\n\t\t\t\t\t\t<\/a>\n\t\t\t\t\t\t<\/div>\n\t\t\t\t<\/div>\n\t\t\t\t\t<\/div>\n\t\t\t\t<\/div>\n\t\t<div class=\"elementor-element elementor-element-dd7b2ca e-flex e-con-boxed e-con e-parent\" data-id=\"dd7b2ca\" data-element_type=\"container\" data-e-type=\"container\" data-settings=\"{&quot;background_background&quot;:&quot;classic&quot;}\">\n\t\t\t\t\t<div class=\"e-con-inner\">\n\t\t\t\t<div class=\"elementor-element elementor-element-cfef954 elementor-widget elementor-widget-menu-anchor\" data-id=\"cfef954\" data-element_type=\"widget\" data-e-type=\"widget\" data-widget_type=\"menu-anchor.default\">\n\t\t\t\t<div class=\"elementor-widget-container\">\n\t\t\t\t\t\t\t<div class=\"elementor-menu-anchor\" id=\"o-marce\"><\/div>\n\t\t\t\t\t\t<\/div>\n\t\t\t\t<\/div>\n\t\t\t\t\t<\/div>\n\t\t\t\t<\/div>\n\t\t<div class=\"elementor-element elementor-element-c23ba31 e-grid e-con-boxed e-con e-parent\" data-id=\"c23ba31\" data-element_type=\"container\" data-e-type=\"container\" data-settings=\"{&quot;background_background&quot;:&quot;classic&quot;}\">\n\t\t\t\t\t<div class=\"e-con-inner\">\n\t\t<div class=\"elementor-element elementor-element-11d5a425 e-con-full e-flex e-con e-child\" data-id=\"11d5a425\" data-element_type=\"container\" data-e-type=\"container\">\n\t\t\t\t<div class=\"elementor-element elementor-element-d277ce0 elementor-widget elementor-widget-heading\" data-id=\"d277ce0\" data-element_type=\"widget\" data-e-type=\"widget\" data-widget_type=\"heading.default\">\n\t\t\t\t<div class=\"elementor-widget-container\">\n\t\t\t\t\t<h2 class=\"elementor-heading-title elementor-size-default\">\u041f\u0440\u043e \u0431\u0440\u0435\u043d\u0434<\/h2>\t\t\t\t<\/div>\n\t\t\t\t<\/div>\n\t\t\t\t<div class=\"elementor-element elementor-element-321ca615 elementor-widget-tablet__width-inherit elementor-widget elementor-widget-text-editor\" data-id=\"321ca615\" data-element_type=\"widget\" data-e-type=\"widget\" data-widget_type=\"text-editor.default\">\n\t\t\t\t<div class=\"elementor-widget-container\">\n\t\t\t\t\t\t\t\t\t\u041b\u0430\u0441\u043a\u0430\u0432\u043e \u043f\u0440\u043e\u0441\u0438\u043c\u043e \u0434\u043e \u043d\u0430\u0448\u043e\u0457 \u043a\u043e\u043c\u043f\u0430\u043d\u0456\u0457! \u041c\u0438 \u2014 \u043f\u043e\u043b\u044c\u0441\u044c\u043a\u0430 \u043a\u043e\u043c\u043f\u0430\u043d\u0456\u044f \u0430\u0432\u0442\u043e\u043c\u043e\u0431\u0456\u043b\u044c\u043d\u043e\u0457 \u0445\u0456\u043c\u0456\u0457, \u044f\u043a\u0430 \u0437 \u0433\u043e\u0440\u0434\u0456\u0441\u0442\u044e \u0432\u0456\u0434\u043a\u0440\u0438\u043b\u0430 \u0441\u0432\u043e\u0457 \u0434\u0432\u0435\u0440\u0456 \u0443 \u0412\u0430\u0440\u0448\u0430\u0432\u0456.\t\t\t\t\t\t\t\t<\/div>\n\t\t\t\t<\/div>\n\t\t\t\t<\/div>\n\t\t<div class=\"elementor-element elementor-element-b40e8ef e-con-full e-flex e-con e-child\" data-id=\"b40e8ef\" data-element_type=\"container\" data-e-type=\"container\">\n\t\t\t\t<div class=\"elementor-element elementor-element-d932372 elementor-widget elementor-widget-image\" data-id=\"d932372\" data-element_type=\"widget\" data-e-type=\"widget\" data-widget_type=\"image.default\">\n\t\t\t\t<div class=\"elementor-widget-container\">\n\t\t\t\t\t\t\t\t\t\t\t\t\t\t\t<img decoding=\"async\" width=\"900\" height=\"390\" src=\"https:\/\/r2d.pl\/wp-content\/uploads\/2024\/09\/12-2-1024x444.webp\" class=\"attachment-large size-large wp-image-152\" alt=\"\" srcset=\"https:\/\/r2d.pl\/wp-content\/uploads\/2024\/09\/12-2-1024x444.webp 1024w, https:\/\/r2d.pl\/wp-content\/uploads\/2024\/09\/12-2-600x260.webp 600w, https:\/\/r2d.pl\/wp-content\/uploads\/2024\/09\/12-2-300x130.webp 300w, https:\/\/r2d.pl\/wp-content\/uploads\/2024\/09\/12-2-768x333.webp 768w, https:\/\/r2d.pl\/wp-content\/uploads\/2024\/09\/12-2-1536x666.webp 1536w, https:\/\/r2d.pl\/wp-content\/uploads\/2024\/09\/12-2.webp 1920w\" sizes=\"(max-width: 900px) 100vw, 900px\" \/>\t\t\t\t\t\t\t\t\t\t\t\t\t\t\t<\/div>\n\t\t\t\t<\/div>\n\t\t\t\t<div class=\"elementor-element elementor-element-38a6d49 elementor-widget-tablet__width-inherit elementor-widget elementor-widget-text-editor\" data-id=\"38a6d49\" data-element_type=\"widget\" data-e-type=\"widget\" data-widget_type=\"text-editor.default\">\n\t\t\t\t<div class=\"elementor-widget-container\">\n\t\t\t\t\t\t\t\t\t<p>\u041d\u0430\u0448\u0430 \u043c\u0435\u0442\u0430 \u2014 \u0437\u0430\u0431\u0435\u0437\u043f\u0435\u0447\u0438\u0442\u0438 \u043d\u0430\u0448\u0438\u0445 \u043a\u043b\u0456\u0454\u043d\u0442\u0456\u0432 \u043f\u0440\u043e\u0434\u0443\u043a\u0446\u0456\u0454\u044e \u043d\u0430\u0439\u0432\u0438\u0449\u043e\u0457 \u044f\u043a\u043e\u0441\u0442\u0456 \u0434\u043b\u044f \u0434\u043e\u0433\u043b\u044f\u0434\u0443 \u0437\u0430 \u0430\u0432\u0442\u043e\u043c\u043e\u0431\u0456\u043b\u044f\u043c\u0438. \u041c\u0438 \u043f\u0440\u043e\u043f\u043e\u043d\u0443\u0454\u043c\u043e \u0448\u0438\u0440\u043e\u043a\u0438\u0439 \u0430\u0441\u043e\u0440\u0442\u0438\u043c\u0435\u043d\u0442 \u0442\u043e\u0432\u0430\u0440\u0456\u0432, \u044f\u043a\u0456 \u0434\u043e\u043f\u043e\u043c\u043e\u0436\u0443\u0442\u044c \u0443\u0442\u0440\u0438\u043c\u0443\u0432\u0430\u0442\u0438 \u0432\u0430\u0448 \u0430\u0432\u0442\u043e\u043c\u043e\u0431\u0456\u043b\u044c \u0443 \u0432\u0456\u0434\u043c\u0456\u043d\u043d\u043e\u043c\u0443 \u0441\u0442\u0430\u043d\u0456.<\/p>\t\t\t\t\t\t\t\t<\/div>\n\t\t\t\t<\/div>\n\t\t\t\t<\/div>\n\t\t\t\t<div class=\"elementor-element elementor-element-bd87022 elementor-widget-tablet__width-inherit elementor-widget elementor-widget-text-editor\" data-id=\"bd87022\" data-element_type=\"widget\" data-e-type=\"widget\" data-widget_type=\"text-editor.default\">\n\t\t\t\t<div class=\"elementor-widget-container\">\n\t\t\t\t\t\t\t\t\t<p>\u041d\u0430\u0448\u0430 \u043a\u043e\u043c\u0430\u043d\u0434\u0430 \u0441\u043a\u043b\u0430\u0434\u0430\u0454\u0442\u044c\u0441\u044f \u0437 \u0434\u043e\u0441\u0432\u0456\u0434\u0447\u0435\u043d\u0438\u0445 \u043f\u0440\u043e\u0444\u0435\u0441\u0456\u043e\u043d\u0430\u043b\u0456\u0432, \u044f\u043a\u0456 \u043f\u0440\u0430\u0433\u043d\u0443\u0442\u044c \u043d\u0430\u0434\u0430\u0442\u0438 \u0432\u0430\u043c \u043d\u0430\u0439\u043a\u0440\u0430\u0449\u0456 \u0440\u0456\u0448\u0435\u043d\u043d\u044f \u0443 \u0441\u0444\u0435\u0440\u0456 \u0430\u0432\u0442\u043e\u043c\u043e\u0431\u0456\u043b\u044c\u043d\u043e\u0457 \u0445\u0456\u043c\u0456\u0457. \u041c\u0438 \u0432\u0456\u0440\u0438\u043c\u043e \u0443 \u0432\u0430\u0436\u043b\u0438\u0432\u0456\u0441\u0442\u044c \u0456\u043d\u043d\u043e\u0432\u0430\u0446\u0456\u0439 \u0442\u0430 \u043f\u043e\u0441\u0442\u0456\u0439\u043d\u043e\u0433\u043e \u0432\u0434\u043e\u0441\u043a\u043e\u043d\u0430\u043b\u0435\u043d\u043d\u044f, \u0442\u043e\u043c\u0443 \u0431\u0435\u0437\u043f\u0435\u0440\u0435\u0440\u0432\u043d\u043e \u043f\u0440\u0430\u0446\u044e\u0454\u043c\u043e \u043d\u0430\u0434 \u0440\u043e\u0437\u0440\u043e\u0431\u043a\u043e\u044e \u043d\u043e\u0432\u0438\u0445 \u043f\u0440\u043e\u0434\u0443\u043a\u0442\u0456\u0432, \u0449\u043e\u0431 \u0437\u0430\u0434\u043e\u0432\u043e\u043b\u044c\u043d\u0438\u0442\u0438 \u043f\u043e\u0442\u0440\u0435\u0431\u0438 \u043d\u0430\u0448\u0438\u0445 \u043a\u043b\u0456\u0454\u043d\u0442\u0456\u0432.<\/p><p>\u0414\u044f\u043a\u0443\u0454\u043c\u043e, \u0449\u043e \u043e\u0431\u0438\u0440\u0430\u0454\u0442\u0435 \u043d\u0430\u0441. \u041c\u0438 \u0433\u043e\u0442\u043e\u0432\u0456 \u0441\u0442\u0430\u0442\u0438 \u0432\u0430\u0448\u0438\u043c \u043d\u0430\u0434\u0456\u0439\u043d\u0438\u043c \u043f\u0430\u0440\u0442\u043d\u0435\u0440\u043e\u043c \u0443 \u0441\u0432\u0456\u0442\u0456 \u0430\u0432\u0442\u043e\u043c\u043e\u0431\u0456\u043b\u044c\u043d\u043e\u0457 \u0445\u0456\u043c\u0456\u0457!<\/p>\t\t\t\t\t\t\t\t<\/div>\n\t\t\t\t<\/div>\n\t\t\t\t\t<\/div>\n\t\t\t\t<\/div>\n\t\t\t\t<\/div>","protected":false},"excerpt":{"rendered":"<p>Najlepsze dla Twojego samochodu Oferujemy szeroki asortyment towar\u00f3w, kt\u00f3re pomog\u0105 utrzyma\u0107 Tw\u00f3j samoch\u00f3d w doskona\u0142ym stanie. Zobacz wszystkie produkty Kategorie produkt\u00f3w Wszystkie produkty Mycie Piel\u0119gnacja O marce Witamy w naszej firmie! Jeste\u015bmy polsk\u0105 firm\u0105 chemii samochodowej, kt\u00f3ra z dum\u0105 otworzy\u0142a swoje drzwi w Warszawie. Naszym celem jest zapewnienie naszym klientom najwy\u017cszej jako\u015bci produkt\u00f3w do piel\u0119gnacji &#8230; <a title=\"\u0413\u043e\u043b\u043e\u0432\u043d\u0430\" class=\"read-more\" href=\"https:\/\/r2d.pl\/uk\/\" aria-label=\"\u0414\u043e\u043a\u043b\u0430\u0434\u043d\u0456\u0448\u0435 \u043f\u0440\u043e Dom\">\u0427\u0438\u0442\u0430\u0442\u0438 \u0434\u0430\u043b\u0456<\/a><\/p>","protected":false},"author":1,"featured_media":0,"parent":0,"menu_order":0,"comment_status":"closed","ping_status":"closed","template":"elementor_header_footer","meta":{"footnotes":""},"class_list":["post-16","page","type-page","status-publish"],"_links":{"self":[{"href":"https:\/\/r2d.pl\/uk\/wp-json\/wp\/v2\/pages\/16","targetHints":{"allow":["GET"]}}],"collection":[{"href":"https:\/\/r2d.pl\/uk\/wp-json\/wp\/v2\/pages"}],"about":[{"href":"https:\/\/r2d.pl\/uk\/wp-json\/wp\/v2\/types\/page"}],"author":[{"embeddable":true,"href":"https:\/\/r2d.pl\/uk\/wp-json\/wp\/v2\/users\/1"}],"replies":[{"embeddable":true,"href":"https:\/\/r2d.pl\/uk\/wp-json\/wp\/v2\/comments?post=16"}],"version-history":[{"count":110,"href":"https:\/\/r2d.pl\/uk\/wp-json\/wp\/v2\/pages\/16\/revisions"}],"predecessor-version":[{"id":587,"href":"https:\/\/r2d.pl\/uk\/wp-json\/wp\/v2\/pages\/16\/revisions\/587"}],"wp:attachment":[{"href":"https:\/\/r2d.pl\/uk\/wp-json\/wp\/v2\/media?parent=16"}],"curies":[{"name":"wp","href":"https:\/\/api.w.org\/{rel}","templated":true}]}}