{"id":36,"date":"2025-01-18T09:50:58","date_gmt":"2025-01-18T09:50:58","guid":{"rendered":"https:\/\/r2d.pl\/?page_id=36"},"modified":"2025-01-18T10:00:19","modified_gmt":"2025-01-18T10:00:19","slug":"dostawa","status":"publish","type":"page","link":"https:\/\/r2d.pl\/en\/dostawa\/","title":{"rendered":"Polityka zwrot\u00f3w"},"content":{"rendered":"<div data-elementor-type=\"wp-page\" data-elementor-id=\"36\" class=\"elementor elementor-36\" data-elementor-post-type=\"page\">\n\t\t\t\t<div class=\"elementor-element elementor-element-b2a23c4 e-grid e-con-boxed e-con e-parent\" data-id=\"b2a23c4\" data-element_type=\"container\" data-e-type=\"container\" data-settings=\"{&quot;background_background&quot;:&quot;classic&quot;}\">\n\t\t\t\t\t<div class=\"e-con-inner\">\n\t\t<div class=\"elementor-element elementor-element-3426c4d e-con-full e-flex e-con e-child\" data-id=\"3426c4d\" data-element_type=\"container\" data-e-type=\"container\">\n\t\t\t\t<div class=\"elementor-element elementor-element-971e21d elementor-widget elementor-widget-heading\" data-id=\"971e21d\" data-element_type=\"widget\" data-e-type=\"widget\" data-widget_type=\"heading.default\">\n\t\t\t\t<div class=\"elementor-widget-container\">\n\t\t\t\t\t<h2 class=\"elementor-heading-title elementor-size-default\">Delivery<\/h2>\t\t\t\t<\/div>\n\t\t\t\t<\/div>\n\t\t\t\t<div class=\"elementor-element elementor-element-5c77fca elementor-widget-tablet__width-inherit elementor-widget elementor-widget-text-editor\" data-id=\"5c77fca\" data-element_type=\"widget\" data-e-type=\"widget\" data-widget_type=\"text-editor.default\">\n\t\t\t\t<div class=\"elementor-widget-container\">\n\t\t\t\t\t\t\t\t\t<p>InPost: <br \/>Courier price: 11.99 <br \/>Price: 11,99 <br \/>Delivery time \u2013 2 business days\u00a0 <br \/><br \/>Return: 14 days to return goods <br \/><br \/>Link to the Act:\u00a0<a href=\"https:\/\/isap.sejm.gov.pl\/isap.nsf\/download.xsp\/WDU20140000827\/T\/D20140827L.pdf\" target=\"_blank\" rel=\"noopener\">https:\/\/isap.sejm.gov.pl\/isap.nsf\/download.xsp\/WDU20140000827\/T\/D20140827L.pdf<\/a> <br \/><br \/>Contact regarding complaints: <a href=\"mailto:r2dcustomerserv@gmail.com\">r2dcustomerserv@gmail.com<\/a><br \/><br \/>Reply within 24 hours Regarding the data protection policy, I still understand this issue.<\/p>\t\t\t\t\t\t\t\t<\/div>\n\t\t\t\t<\/div>\n\t\t\t\t<\/div>\n\t\t\t\t\t<\/div>\n\t\t\t\t<\/div>\n\t\t\t\t<\/div>","protected":false},"excerpt":{"rendered":"<p>Dostawa InPost: Cena kurierska: 11,99 Cena: 11,99 Czas dostawy &#8211; 2 dni robocze\u00a0 Powr\u00f3t: 14 dni na zwrot towaru Link do ustawy:\u00a0https:\/\/isap.sejm.gov.pl\/isap.nsf\/download.xsp\/WDU20140000827\/T\/D20140827L.pdf Kontakt w sprawie reklamacji: r2dcustomerserv@gmail.com Odpowied\u017a w ci\u0105gu 24 godzin Je\u015bli chodzi o polityk\u0119 ochrony danych osobowych, nadal rozumiem t\u0119 kwesti\u0119.<\/p>","protected":false},"author":1,"featured_media":0,"parent":0,"menu_order":0,"comment_status":"closed","ping_status":"closed","template":"elementor_header_footer","meta":{"footnotes":""},"class_list":["post-36","page","type-page","status-publish"],"_links":{"self":[{"href":"https:\/\/r2d.pl\/en\/wp-json\/wp\/v2\/pages\/36","targetHints":{"allow":["GET"]}}],"collection":[{"href":"https:\/\/r2d.pl\/en\/wp-json\/wp\/v2\/pages"}],"about":[{"href":"https:\/\/r2d.pl\/en\/wp-json\/wp\/v2\/types\/page"}],"author":[{"embeddable":true,"href":"https:\/\/r2d.pl\/en\/wp-json\/wp\/v2\/users\/1"}],"replies":[{"embeddable":true,"href":"https:\/\/r2d.pl\/en\/wp-json\/wp\/v2\/comments?post=36"}],"version-history":[{"count":3,"href":"https:\/\/r2d.pl\/en\/wp-json\/wp\/v2\/pages\/36\/revisions"}],"predecessor-version":[{"id":612,"href":"https:\/\/r2d.pl\/en\/wp-json\/wp\/v2\/pages\/36\/revisions\/612"}],"wp:attachment":[{"href":"https:\/\/r2d.pl\/en\/wp-json\/wp\/v2\/media?parent=36"}],"curies":[{"name":"wp","href":"https:\/\/api.w.org\/{rel}","templated":true}]}}